{"id":344,"date":"2022-01-11T10:32:06","date_gmt":"2022-01-11T10:32:06","guid":{"rendered":"https:\/\/thfgc.dk\/?page_id=344"},"modified":"2026-03-19T16:24:45","modified_gmt":"2026-03-19T16:24:45","slug":"oestjysk-masters","status":"publish","type":"page","link":"https:\/\/thfgc.dk\/?page_id=344","title":{"rendered":"Masters 2026"},"content":{"rendered":"\n<figure class=\"wp-block-table\"><table><tbody><tr><td>Hulspil 1<\/td><td>Hulspil 2<\/td><td>Hulspil 3<\/td><td>Hulspil 4<\/td><\/tr><tr><td>\u00d8M Rangliste 1<\/td><td>\u00d8M Rangliste 2<\/td><td>Captain<\/td><td>Vice Captain<\/td><\/tr><tr><td>Netto A 1<\/td><td>Netto A 2<\/td><td>Netto B 1<\/td><td>Netto B 2<\/td><\/tr><tr><td>Captains Pick 1<\/td><td>Captains Pick 2<\/td><td>Captains Pick 3<\/td><td>Captains Pick 4<\/td><\/tr><tr><td>Captains Pick 5<\/td><td>Captains Pick 6<\/td><td>Reserve 1<\/td><td>Reserve 2<\/td><\/tr><\/tbody><\/table><\/figure>\n\n\n\n<p><span style=\"font-weight: bold; text-decoration: underline;\"><strong>\u00d8stjysk Masters 19-09-26 afholdes p\u00e5 hjemmebanen i Fredericia <\/strong><\/span><\/p>\n\n\n\n<p>Der vil blive udtaget 18 spillere, samt 2 reserver til den prestigefyldte turnering.<\/p>\n\n\n\n<p>Sidste t\u00e6llende runde til \u00d8M Ranglisten er den 27 August.<\/p>\n\n\n\n<p>Turneringen vil blive afholdt som heldagsarrangement l\u00f8rdag d. 19. September, Man kvalificerer sig i flg r\u00e6kkef\u00f8lge:<\/p>\n\n\n\n<ul class=\"wp-block-list\">\n<li>4 semifinalister fra hulspils turneringen<\/li>\n\n\n\n<li>Captain og vice captain<\/li>\n\n\n\n<li>Bedste netto A 1 &amp; 2<\/li>\n\n\n\n<li>Bedste netto B 1 &amp; 2<\/li>\n\n\n\n<li>\u00d8M rangliste 1 &amp; 2<\/li>\n\n\n\n<li>6 Wildcards (Captains pick)<\/li>\n\n\n\n<li>2 reserver<\/li>\n<\/ul>\n\n\n\n<p>M\u00e5 de bedst Torsdagsherrer forsvare vores \u00e6re!!<\/p>\n\n\n\n<p><\/p>\n\n\n\n<p><\/p>\n\n\n\n<p>.<\/p>\n\n\n\n<p><\/p>\n\n\n\n<p><\/p>\n\n\n\n<p><\/p>\n\n\n\n<p><\/p>\n\n\n\n<p><\/p>\n\n\n\n<hr class=\"wp-block-separator has-alpha-channel-opacity\"\/>\n","protected":false},"excerpt":{"rendered":"<p>Hulspil 1 Hulspil 2 Hulspil 3 Hulspil 4 \u00d8M Rangliste 1 \u00d8M Rangliste 2 Captain Vice Captain Netto A 1 Netto A 2 Netto B 1 Netto B 2 Captains Pick 1 Captains Pick 2 Captains Pick 3 Captains Pick 4 Captains Pick 5 Captains Pick 6 Reserve 1 Reserve 2 \u00d8stjysk Masters 19-09-26 afholdes [&hellip;]<\/p>\n","protected":false},"author":1,"featured_media":0,"parent":0,"menu_order":0,"comment_status":"closed","ping_status":"closed","template":"","meta":{"_bbp_topic_count":0,"_bbp_reply_count":0,"_bbp_total_topic_count":0,"_bbp_total_reply_count":0,"_bbp_voice_count":0,"_bbp_anonymous_reply_count":0,"_bbp_topic_count_hidden":0,"_bbp_reply_count_hidden":0,"_bbp_forum_subforum_count":0,"footnotes":""},"class_list":["post-344","page","type-page","status-publish","hentry","post"],"_links":{"self":[{"href":"https:\/\/thfgc.dk\/index.php?rest_route=\/wp\/v2\/pages\/344","targetHints":{"allow":["GET"]}}],"collection":[{"href":"https:\/\/thfgc.dk\/index.php?rest_route=\/wp\/v2\/pages"}],"about":[{"href":"https:\/\/thfgc.dk\/index.php?rest_route=\/wp\/v2\/types\/page"}],"author":[{"embeddable":true,"href":"https:\/\/thfgc.dk\/index.php?rest_route=\/wp\/v2\/users\/1"}],"replies":[{"embeddable":true,"href":"https:\/\/thfgc.dk\/index.php?rest_route=%2Fwp%2Fv2%2Fcomments&post=344"}],"version-history":[{"count":37,"href":"https:\/\/thfgc.dk\/index.php?rest_route=\/wp\/v2\/pages\/344\/revisions"}],"predecessor-version":[{"id":1647,"href":"https:\/\/thfgc.dk\/index.php?rest_route=\/wp\/v2\/pages\/344\/revisions\/1647"}],"wp:attachment":[{"href":"https:\/\/thfgc.dk\/index.php?rest_route=%2Fwp%2Fv2%2Fmedia&parent=344"}],"curies":[{"name":"wp","href":"https:\/\/api.w.org\/{rel}","templated":true}]}}