{"id":1293,"date":"2024-03-20T20:25:08","date_gmt":"2024-03-20T20:25:08","guid":{"rendered":"https:\/\/thfgc.dk\/?page_id=1293"},"modified":"2025-03-25T11:16:43","modified_gmt":"2025-03-25T11:16:43","slug":"sponsorer","status":"publish","type":"page","link":"https:\/\/thfgc.dk\/?page_id=1293","title":{"rendered":"Sponsorer"},"content":{"rendered":"\n<p><strong>Sponsorer <\/strong><\/p>\n\n\n\n<p>Djengis Kahn Mongolian Barbecue &#8211; Mac<br><br>Vinspecialisten<\/p>\n\n\n\n<p>Kvik k\u00f8kken &#8211; Morten Weng<\/p>\n\n\n\n<p>M\u00f8rcke &#8211; Lars M\u00f8rcke<\/p>\n\n\n\n<p>Middelfart sparekasse &#8211; S\u00f8ren Andersen<\/p>\n\n\n\n<p>GF forsikring<\/p>\n\n\n\n<p>Home<\/p>\n\n\n\n<p>Den gyldne kylling &#8211; Mikkel Daugaard<\/p>\n\n\n\n<p>HH- k\u00f8reskolen &#8211; Henrik Helios <\/p>\n\n\n\n<p>It-wit &#8211; Flemming Larsen<\/p>\n\n\n\n<p>WaterCare &#8211; Frank Lagoni<\/p>\n\n\n\n<p><\/p>\n","protected":false},"excerpt":{"rendered":"<p>Sponsorer Djengis Kahn Mongolian Barbecue &#8211; Mac Vinspecialisten Kvik k\u00f8kken &#8211; Morten Weng M\u00f8rcke &#8211; Lars M\u00f8rcke Middelfart sparekasse &#8211; S\u00f8ren Andersen GF forsikring Home Den gyldne kylling &#8211; Mikkel Daugaard HH- k\u00f8reskolen &#8211; Henrik Helios It-wit &#8211; Flemming Larsen WaterCare &#8211; Frank Lagoni<\/p>\n","protected":false},"author":67,"featured_media":0,"parent":0,"menu_order":0,"comment_status":"closed","ping_status":"closed","template":"","meta":{"_bbp_topic_count":0,"_bbp_reply_count":0,"_bbp_total_topic_count":0,"_bbp_total_reply_count":0,"_bbp_voice_count":0,"_bbp_anonymous_reply_count":0,"_bbp_topic_count_hidden":0,"_bbp_reply_count_hidden":0,"_bbp_forum_subforum_count":0,"footnotes":""},"class_list":["post-1293","page","type-page","status-publish","hentry","post"],"_links":{"self":[{"href":"https:\/\/thfgc.dk\/index.php?rest_route=\/wp\/v2\/pages\/1293","targetHints":{"allow":["GET"]}}],"collection":[{"href":"https:\/\/thfgc.dk\/index.php?rest_route=\/wp\/v2\/pages"}],"about":[{"href":"https:\/\/thfgc.dk\/index.php?rest_route=\/wp\/v2\/types\/page"}],"author":[{"embeddable":true,"href":"https:\/\/thfgc.dk\/index.php?rest_route=\/wp\/v2\/users\/67"}],"replies":[{"embeddable":true,"href":"https:\/\/thfgc.dk\/index.php?rest_route=%2Fwp%2Fv2%2Fcomments&post=1293"}],"version-history":[{"count":5,"href":"https:\/\/thfgc.dk\/index.php?rest_route=\/wp\/v2\/pages\/1293\/revisions"}],"predecessor-version":[{"id":1414,"href":"https:\/\/thfgc.dk\/index.php?rest_route=\/wp\/v2\/pages\/1293\/revisions\/1414"}],"wp:attachment":[{"href":"https:\/\/thfgc.dk\/index.php?rest_route=%2Fwp%2Fv2%2Fmedia&parent=1293"}],"curies":[{"name":"wp","href":"https:\/\/api.w.org\/{rel}","templated":true}]}}